{"id":435,"date":"2025-04-21T04:34:39","date_gmt":"2025-04-21T02:34:39","guid":{"rendered":"https:\/\/acealum.com\/?page_id=435"},"modified":"2025-04-21T04:56:29","modified_gmt":"2025-04-21T02:56:29","slug":"boreal","status":"publish","type":"page","link":"https:\/\/acealum.com\/?page_id=435","title":{"rendered":"Boreal"},"content":{"rendered":"\t\t<div data-elementor-type=\"wp-page\" data-elementor-id=\"435\" class=\"elementor elementor-435\">\n\t\t\t\t\t\t<section class=\"elementor-section elementor-top-section elementor-element elementor-element-0e55d21 elementor-section-full_width elementor-section-stretched elementor-section-height-default elementor-section-height-default\" data-id=\"0e55d21\" data-element_type=\"section\" data-settings=\"{&quot;stretch_section&quot;:&quot;section-stretched&quot;}\">\n\t\t\t\t\t\t<div class=\"elementor-container elementor-column-gap-default\">\n\t\t\t\t\t<div class=\"elementor-column elementor-col-100 elementor-top-column elementor-element elementor-element-a683de1\" data-id=\"a683de1\" data-element_type=\"column\">\n\t\t\t<div class=\"elementor-widget-wrap elementor-element-populated\">\n\t\t\t\t\t\t<div class=\"elementor-element elementor-element-43d18c8 elementor-widget elementor-widget-heading\" data-id=\"43d18c8\" data-element_type=\"widget\" data-widget_type=\"heading.default\">\n\t\t\t\t<div class=\"elementor-widget-container\">\n\t\t\t\t\t<h2 class=\"elementor-heading-title elementor-size-default\"><h1 style=\"font-size: 26px;font-family: Arial, sans-serif;font-style: normal\">Sistema de Puertas y Ventanas Boreal<span style=\"font-family: Roboto, sans-serif;font-size: 20px;font-weight: 600\"><\/span><\/h1><\/h2>\t\t\t\t<\/div>\n\t\t\t\t<\/div>\n\t\t\t\t\t<\/div>\n\t\t<\/div>\n\t\t\t\t\t<\/div>\n\t\t<\/section>\n\t\t\t\t<section class=\"elementor-section elementor-top-section elementor-element elementor-element-5cc02c4 elementor-section-full_width elementor-section-stretched elementor-section-height-default elementor-section-height-default\" data-id=\"5cc02c4\" data-element_type=\"section\" data-settings=\"{&quot;stretch_section&quot;:&quot;section-stretched&quot;}\">\n\t\t\t\t\t\t<div class=\"elementor-container elementor-column-gap-default\">\n\t\t\t\t\t<div class=\"elementor-column elementor-col-33 elementor-top-column elementor-element elementor-element-149ee5f\" data-id=\"149ee5f\" data-element_type=\"column\">\n\t\t\t<div class=\"elementor-widget-wrap elementor-element-populated\">\n\t\t\t\t\t\t<div class=\"elementor-element elementor-element-33144f6 elementor-widget elementor-widget-image\" data-id=\"33144f6\" data-element_type=\"widget\" data-widget_type=\"image.default\">\n\t\t\t\t<div class=\"elementor-widget-container\">\n\t\t\t\t\t\t\t\t\t\t\t\t\t\t\t<img fetchpriority=\"high\" decoding=\"async\" width=\"300\" height=\"223\" src=\"https:\/\/acealum.com\/wp-content\/uploads\/2025\/04\/Boreal-1.png\" class=\"attachment-large size-large wp-image-443\" alt=\"\" \/>\t\t\t\t\t\t\t\t\t\t\t\t\t\t\t<\/div>\n\t\t\t\t<\/div>\n\t\t\t\t\t<\/div>\n\t\t<\/div>\n\t\t\t\t<div class=\"elementor-column elementor-col-66 elementor-top-column elementor-element elementor-element-83dae42\" data-id=\"83dae42\" data-element_type=\"column\">\n\t\t\t<div class=\"elementor-widget-wrap elementor-element-populated\">\n\t\t\t\t\t\t<div class=\"elementor-element elementor-element-495172c elementor-widget elementor-widget-text-editor\" data-id=\"495172c\" data-element_type=\"widget\" data-widget_type=\"text-editor.default\">\n\t\t\t\t<div class=\"elementor-widget-container\">\n\t\t\t\t\t\t\t\t\t<p>El\u00a0<strong>Sistema Boreal<\/strong>\u00a0es una soluci\u00f3n de alta calidad, dise\u00f1ada para brindar resistencia, aislamiento y un dise\u00f1o elegante en proyectos arquitect\u00f3nicos. Gracias a su\u00a0<strong>ingenier\u00eda avanzada<\/strong>, es ideal para edificaciones que requieren un alto desempe\u00f1o tanto estructural como est\u00e9tico.<\/p>\t\t\t\t\t\t\t\t<\/div>\n\t\t\t\t<\/div>\n\t\t\t\t\t<\/div>\n\t\t<\/div>\n\t\t\t\t\t<\/div>\n\t\t<\/section>\n\t\t\t\t<section class=\"elementor-section elementor-top-section elementor-element elementor-element-c425705 elementor-section-boxed elementor-section-height-default elementor-section-height-default\" data-id=\"c425705\" data-element_type=\"section\">\n\t\t\t\t\t\t<div class=\"elementor-container elementor-column-gap-default\">\n\t\t\t\t\t<div class=\"elementor-column elementor-col-100 elementor-top-column elementor-element elementor-element-174cf98\" data-id=\"174cf98\" data-element_type=\"column\">\n\t\t\t<div class=\"elementor-widget-wrap elementor-element-populated\">\n\t\t\t\t\t\t<div class=\"elementor-element elementor-element-a75fed8 elementor-widget elementor-widget-heading\" data-id=\"a75fed8\" data-element_type=\"widget\" data-widget_type=\"heading.default\">\n\t\t\t\t<div class=\"elementor-widget-container\">\n\t\t\t\t\t<h2 class=\"elementor-heading-title elementor-size-default\"><h2 style=\"font-size: 26px;font-family: Arial, sans-serif;font-style: normal\">Caracter\u00edsticas del Sistema<span style=\"font-family: Roboto, sans-serif;font-size: 20px;font-weight: 600\"><\/span><\/h2><\/h2>\t\t\t\t<\/div>\n\t\t\t\t<\/div>\n\t\t\t\t\t<\/div>\n\t\t<\/div>\n\t\t\t\t\t<\/div>\n\t\t<\/section>\n\t\t\t\t<section class=\"elementor-section elementor-top-section elementor-element elementor-element-d1f6275 elementor-section-boxed elementor-section-height-default elementor-section-height-default\" data-id=\"d1f6275\" data-element_type=\"section\">\n\t\t\t\t\t\t<div class=\"elementor-container elementor-column-gap-default\">\n\t\t\t\t\t<div class=\"elementor-column elementor-col-100 elementor-top-column elementor-element elementor-element-af9a83b\" data-id=\"af9a83b\" data-element_type=\"column\">\n\t\t\t<div class=\"elementor-widget-wrap elementor-element-populated\">\n\t\t\t\t\t\t<div class=\"elementor-element elementor-element-8963b54 elementor-widget elementor-widget-text-editor\" data-id=\"8963b54\" data-element_type=\"widget\" data-widget_type=\"text-editor.default\">\n\t\t\t\t<div class=\"elementor-widget-container\">\n\t\t\t\t\t\t\t\t\t<ul style=\"padding-left: 20px; margin-bottom: 20px; color: #333333; font-family: Arial, sans-serif; font-size: 20px; font-style: normal; font-variant-ligatures: normal; font-variant-caps: normal; font-weight: 400;\"><li style=\"margin-bottom: 10px; line-height: 1.5;\">Ingenier\u00eda estructural robusta que garantiza estabilidad en edificaciones de gran exigencia.<\/li><li style=\"margin-bottom: 10px; line-height: 1.5;\">Excelente desempe\u00f1o t\u00e9rmico y ac\u00fastico, gracias al dise\u00f1o y los materiales utilizados.<\/li><li style=\"margin-bottom: 10px; line-height: 1.5;\">Acabados elegantes que se integran con distintas tendencias arquitect\u00f3nicas.<\/li><li style=\"margin-bottom: 10px; line-height: 1.5;\">Alta compatibilidad con vidrios de diferentes espesores para mayor versatilidad.<\/li><li style=\"margin-bottom: 10px; line-height: 1.5;\">Dise\u00f1ado para ofrecer un cierre herm\u00e9tico y evitar filtraciones.<\/li><\/ul>\t\t\t\t\t\t\t\t<\/div>\n\t\t\t\t<\/div>\n\t\t\t\t\t<\/div>\n\t\t<\/div>\n\t\t\t\t\t<\/div>\n\t\t<\/section>\n\t\t\t\t<section class=\"elementor-section elementor-top-section elementor-element elementor-element-a4b9723 elementor-section-full_width elementor-section-stretched elementor-section-height-default elementor-section-height-default\" data-id=\"a4b9723\" data-element_type=\"section\" data-settings=\"{&quot;stretch_section&quot;:&quot;section-stretched&quot;}\">\n\t\t\t\t\t\t<div class=\"elementor-container elementor-column-gap-default\">\n\t\t\t\t\t<div class=\"elementor-column elementor-col-33 elementor-top-column elementor-element elementor-element-92745b1\" data-id=\"92745b1\" data-element_type=\"column\">\n\t\t\t<div class=\"elementor-widget-wrap elementor-element-populated\">\n\t\t\t\t\t\t<div class=\"elementor-element elementor-element-27591e9 elementor-align-center elementor-widget elementor-widget-button\" data-id=\"27591e9\" data-element_type=\"widget\" data-widget_type=\"button.default\">\n\t\t\t\t<div class=\"elementor-widget-container\">\n\t\t\t\t\t\t\t\t\t<div class=\"elementor-button-wrapper\">\n\t\t\t\t\t<a class=\"elementor-button elementor-button-link elementor-size-sm\" href=\"#\">\n\t\t\t\t\t\t<span class=\"elementor-button-content-wrapper\">\n\t\t\t\t\t\t\t\t\t<span class=\"elementor-button-text\">Solicitar Cotizaci\u00f3n por WhatsApp<\/span>\n\t\t\t\t\t<\/span>\n\t\t\t\t\t<\/a>\n\t\t\t\t<\/div>\n\t\t\t\t\t\t\t\t<\/div>\n\t\t\t\t<\/div>\n\t\t\t\t\t<\/div>\n\t\t<\/div>\n\t\t\t\t<div class=\"elementor-column elementor-col-66 elementor-top-column elementor-element elementor-element-91161c9\" data-id=\"91161c9\" data-element_type=\"column\">\n\t\t\t<div class=\"elementor-widget-wrap elementor-element-populated\">\n\t\t\t\t\t\t<div class=\"elementor-element elementor-element-06c4ff8 elementor-widget elementor-widget-text-editor\" data-id=\"06c4ff8\" data-element_type=\"widget\" data-widget_type=\"text-editor.default\">\n\t\t\t\t<div class=\"elementor-widget-container\">\n\t\t\t\t\t\t\t\t\t<h2 style=\"color: #0a1f44; font-size: 26px; font-family: Arial, sans-serif; font-style: normal; font-variant-ligatures: normal; font-variant-caps: normal;\">Beneficios<\/h2><ul style=\"padding-left: 20px; margin-bottom: 20px; color: #333333; font-family: Arial, sans-serif; font-size: 20px; font-style: normal; font-variant-ligatures: normal; font-variant-caps: normal; font-weight: 400;\"><li style=\"margin-bottom: 10px; line-height: 1.5;\"><strong>Resistencia y durabilidad:<\/strong>\u00a0Perfecto para edificaciones que demandan alto desempe\u00f1o estructural.<\/li><li style=\"margin-bottom: 10px; line-height: 1.5;\"><strong>Confort interior:<\/strong>\u00a0Mejora el aislamiento ac\u00fastico y t\u00e9rmico, elevando la calidad de vida.<\/li><li style=\"margin-bottom: 10px; line-height: 1.5;\"><strong>Dise\u00f1o sofisticado:<\/strong>\u00a0A\u00f1ade valor est\u00e9tico a cualquier tipo de construcci\u00f3n.<\/li><li style=\"margin-bottom: 10px; line-height: 1.5;\"><strong>Versatilidad de instalaci\u00f3n:<\/strong>\u00a0Se adapta a diferentes proyectos residenciales y comerciales.<\/li><li style=\"margin-bottom: 10px; line-height: 1.5;\"><strong>Bajo mantenimiento:<\/strong>\u00a0Materiales duraderos y f\u00e1ciles de limpiar.<\/li><\/ul>\t\t\t\t\t\t\t\t<\/div>\n\t\t\t\t<\/div>\n\t\t\t\t\t<\/div>\n\t\t<\/div>\n\t\t\t\t\t<\/div>\n\t\t<\/section>\n\t\t\t\t<\/div>\n\t\t","protected":false},"excerpt":{"rendered":"<p>Sistema de Puertas y Ventanas Boreal El\u00a0Sistema Boreal\u00a0es una soluci\u00f3n de alta calidad, dise\u00f1ada para brindar resistencia, aislamiento y un dise\u00f1o elegante en proyectos arquitect\u00f3nicos. Gracias a su\u00a0ingenier\u00eda avanzada, es ideal para edificaciones que requieren un alto desempe\u00f1o tanto estructural como est\u00e9tico. Caracter\u00edsticas del Sistema Ingenier\u00eda estructural robusta que garantiza estabilidad en edificaciones de gran [&hellip;]<\/p>\n","protected":false},"author":1,"featured_media":0,"parent":0,"menu_order":0,"comment_status":"closed","ping_status":"closed","template":"","meta":{"om_disable_all_campaigns":false,"_monsterinsights_skip_tracking":false,"_monsterinsights_sitenote_active":false,"_monsterinsights_sitenote_note":"","_monsterinsights_sitenote_category":0,"ocean_post_layout":"","ocean_both_sidebars_style":"","ocean_both_sidebars_content_width":0,"ocean_both_sidebars_sidebars_width":0,"ocean_sidebar":"","ocean_second_sidebar":"","ocean_disable_margins":"enable","ocean_add_body_class":"","ocean_shortcode_before_top_bar":"","ocean_shortcode_after_top_bar":"","ocean_shortcode_before_header":"","ocean_shortcode_after_header":"","ocean_has_shortcode":"","ocean_shortcode_after_title":"","ocean_shortcode_before_footer_widgets":"","ocean_shortcode_after_footer_widgets":"","ocean_shortcode_before_footer_bottom":"","ocean_shortcode_after_footer_bottom":"","ocean_display_top_bar":"default","ocean_display_header":"default","ocean_header_style":"","ocean_center_header_left_menu":"","ocean_custom_header_template":"","ocean_custom_logo":0,"ocean_custom_retina_logo":0,"ocean_custom_logo_max_width":0,"ocean_custom_logo_tablet_max_width":0,"ocean_custom_logo_mobile_max_width":0,"ocean_custom_logo_max_height":0,"ocean_custom_logo_tablet_max_height":0,"ocean_custom_logo_mobile_max_height":0,"ocean_header_custom_menu":"","ocean_menu_typo_font_family":"","ocean_menu_typo_font_subset":"","ocean_menu_typo_font_size":0,"ocean_menu_typo_font_size_tablet":0,"ocean_menu_typo_font_size_mobile":0,"ocean_menu_typo_font_size_unit":"px","ocean_menu_typo_font_weight":"","ocean_menu_typo_font_weight_tablet":"","ocean_menu_typo_font_weight_mobile":"","ocean_menu_typo_transform":"","ocean_menu_typo_transform_tablet":"","ocean_menu_typo_transform_mobile":"","ocean_menu_typo_line_height":0,"ocean_menu_typo_line_height_tablet":0,"ocean_menu_typo_line_height_mobile":0,"ocean_menu_typo_line_height_unit":"","ocean_menu_typo_spacing":0,"ocean_menu_typo_spacing_tablet":0,"ocean_menu_typo_spacing_mobile":0,"ocean_menu_typo_spacing_unit":"","ocean_menu_link_color":"","ocean_menu_link_color_hover":"","ocean_menu_link_color_active":"","ocean_menu_link_background":"","ocean_menu_link_hover_background":"","ocean_menu_link_active_background":"","ocean_menu_social_links_bg":"","ocean_menu_social_hover_links_bg":"","ocean_menu_social_links_color":"","ocean_menu_social_hover_links_color":"","ocean_disable_title":"on","ocean_disable_heading":"default","ocean_post_title":"","ocean_post_subheading":"","ocean_post_title_style":"","ocean_post_title_background_color":"","ocean_post_title_background":0,"ocean_post_title_bg_image_position":"","ocean_post_title_bg_image_attachment":"","ocean_post_title_bg_image_repeat":"","ocean_post_title_bg_image_size":"","ocean_post_title_height":0,"ocean_post_title_bg_overlay":0.5,"ocean_post_title_bg_overlay_color":"","ocean_disable_breadcrumbs":"default","ocean_breadcrumbs_color":"","ocean_breadcrumbs_separator_color":"","ocean_breadcrumbs_links_color":"","ocean_breadcrumbs_links_hover_color":"","ocean_display_footer_widgets":"default","ocean_display_footer_bottom":"default","ocean_custom_footer_template":"","footnotes":""},"class_list":["post-435","page","type-page","status-publish","hentry","entry"],"_links":{"self":[{"href":"https:\/\/acealum.com\/index.php?rest_route=\/wp\/v2\/pages\/435","targetHints":{"allow":["GET"]}}],"collection":[{"href":"https:\/\/acealum.com\/index.php?rest_route=\/wp\/v2\/pages"}],"about":[{"href":"https:\/\/acealum.com\/index.php?rest_route=\/wp\/v2\/types\/page"}],"author":[{"embeddable":true,"href":"https:\/\/acealum.com\/index.php?rest_route=\/wp\/v2\/users\/1"}],"replies":[{"embeddable":true,"href":"https:\/\/acealum.com\/index.php?rest_route=%2Fwp%2Fv2%2Fcomments&post=435"}],"version-history":[{"count":17,"href":"https:\/\/acealum.com\/index.php?rest_route=\/wp\/v2\/pages\/435\/revisions"}],"predecessor-version":[{"id":455,"href":"https:\/\/acealum.com\/index.php?rest_route=\/wp\/v2\/pages\/435\/revisions\/455"}],"wp:attachment":[{"href":"https:\/\/acealum.com\/index.php?rest_route=%2Fwp%2Fv2%2Fmedia&parent=435"}],"curies":[{"name":"wp","href":"https:\/\/api.w.org\/{rel}","templated":true}]}}